{"id":879,"date":"2022-08-26T10:04:19","date_gmt":"2022-08-26T09:04:19","guid":{"rendered":"https:\/\/autodiagnosticocoeducacion.edukalboan.org\/hezkidetza-praktika-komunitatea\/"},"modified":"2024-04-03T09:02:53","modified_gmt":"2024-04-03T08:02:53","slug":"comunidad-de-practica-de-coeducacion","status":"publish","type":"page","link":"https:\/\/autodiagnosticocoeducacion.edukalboan.org\/es\/comunidad-de-practica-de-coeducacion\/","title":{"rendered":"Comunidad de Pr\u00e1ctica de Coeducaci\u00f3n"},"content":{"rendered":"<h2>\u00bfC\u00f3mo funciona?<\/h2>\n<p>Es un espacio para compartir experiencias y recursos, para crecer y aprender, para formar, so\u00f1ar y crear nuevos proyectos.<\/p>\n<p>En este espacio de encuentro, ofrecemos tambi\u00e9n la oportunidad al profesorado para ponerse en contacto con el objetivo de transversalizar la coeducaci\u00f3n en sus centros educativos.<\/p>\n<h2>\u00bfQu\u00e9 es la Comunidad de Pr\u00e1ctica de Coeducaci\u00f3n?<\/h2>\n<p>Nos juntamos dos veces en cada curso escolar, en modo presencial y\/o en un modo virtual, y en esos encuentros compartimos el trabajo que cada qui\u00e9n hace en coeducaci\u00f3n, las dudas que podamos tener, celebramos las propuestas m\u00e1s exitosas, y hacemos tambi\u00e9n formaciones espec\u00edficas relativas a temas m\u00e1s concretos, con el objetivo de mejorar nuestra pr\u00e1ctica educativa.<\/p>\n","protected":false},"excerpt":{"rendered":"<p>\u00bfC\u00f3mo funciona? Es un espacio para compartir experiencias y recursos, para crecer y aprender, para formar, so\u00f1ar y crear nuevos proyectos. En este espacio de encuentro, ofrecemos tambi\u00e9n la oportunidad al profesorado para ponerse en contacto con el objetivo de transversalizar la coeducaci\u00f3n en sus centros educativos. \u00bfQu\u00e9 es la Comunidad de Pr\u00e1ctica de Coeducaci\u00f3n? [&hellip;]<\/p>\n","protected":false},"author":1,"featured_media":366,"parent":0,"menu_order":0,"comment_status":"closed","ping_status":"closed","template":"template-irakasleak.php","meta":{"_acf_changed":false,"footnotes":""},"class_list":["post-879","page","type-page","status-publish","has-post-thumbnail","hentry"],"acf":[],"_links":{"self":[{"href":"https:\/\/autodiagnosticocoeducacion.edukalboan.org\/es\/wp-json\/wp\/v2\/pages\/879","targetHints":{"allow":["GET"]}}],"collection":[{"href":"https:\/\/autodiagnosticocoeducacion.edukalboan.org\/es\/wp-json\/wp\/v2\/pages"}],"about":[{"href":"https:\/\/autodiagnosticocoeducacion.edukalboan.org\/es\/wp-json\/wp\/v2\/types\/page"}],"author":[{"embeddable":true,"href":"https:\/\/autodiagnosticocoeducacion.edukalboan.org\/es\/wp-json\/wp\/v2\/users\/1"}],"replies":[{"embeddable":true,"href":"https:\/\/autodiagnosticocoeducacion.edukalboan.org\/es\/wp-json\/wp\/v2\/comments?post=879"}],"version-history":[{"count":3,"href":"https:\/\/autodiagnosticocoeducacion.edukalboan.org\/es\/wp-json\/wp\/v2\/pages\/879\/revisions"}],"predecessor-version":[{"id":925,"href":"https:\/\/autodiagnosticocoeducacion.edukalboan.org\/es\/wp-json\/wp\/v2\/pages\/879\/revisions\/925"}],"wp:featuredmedia":[{"embeddable":true,"href":"https:\/\/autodiagnosticocoeducacion.edukalboan.org\/es\/wp-json\/wp\/v2\/media\/366"}],"wp:attachment":[{"href":"https:\/\/autodiagnosticocoeducacion.edukalboan.org\/es\/wp-json\/wp\/v2\/media?parent=879"}],"curies":[{"name":"wp","href":"https:\/\/api.w.org\/{rel}","templated":true}]}}