{"id":705,"date":"2022-11-14T10:55:15","date_gmt":"2022-11-14T09:55:15","guid":{"rendered":"http:\/\/autodiagnosticocoeducacion.edukalboan.org\/hezkidetza\/"},"modified":"2023-04-21T12:04:00","modified_gmt":"2023-04-21T11:04:00","slug":"coeducacion","status":"publish","type":"page","link":"https:\/\/autodiagnosticocoeducacion.edukalboan.org\/es\/coeducacion\/","title":{"rendered":"Coeducaci\u00f3n"},"content":{"rendered":"<h2>\u00bfPor qu\u00e9 la educaci\u00f3n para la coeducaci\u00f3n?<\/h2>\n<p>Porque con la coeducaci\u00f3n tendremos la oportunidad de crear una ciudadan\u00eda comprometida con la transformaci\u00f3n personal y social que necesita nuestro mundo glboal.<\/p>\n<h2>\u00bfQu\u00e9 debemos hacer para desarrollar la coeducaci\u00f3n?<\/h2>\n<p>Es imprescindible revisar y repensar nuestra pr\u00e1ctica educativa y nuestro modelo escolar, marcado por una visi\u00f3n androc\u00e9ntrica e instrumental de la educaci\u00f3n que sigue reproduciendo el sexismo y los estereotipos de g\u00e9nero existentes en nuestra sociedad. Estos aspectos son cotidianos y est\u00e1n muy arraigados, por eso se producen sin que nadie se d\u00e9 cuenta, pero es necesario revisarlos de forma cr\u00edtica y constructiva. Aspectos como la organizaci\u00f3n del centro, el curr\u00edculo acad\u00e9mico, los libros de texto y el material pedag\u00f3gico, las metodolog\u00edas docentes, las actitudes y expectativas del profesorado, la lengua, las relaciones, la gesti\u00f3n de los lugares, etc.<\/p>\n","protected":false},"excerpt":{"rendered":"<p>\u00bfPor qu\u00e9 la educaci\u00f3n para la coeducaci\u00f3n? Porque con la coeducaci\u00f3n tendremos la oportunidad de crear una ciudadan\u00eda comprometida con la transformaci\u00f3n personal y social que necesita nuestro mundo glboal. \u00bfQu\u00e9 debemos hacer para desarrollar la coeducaci\u00f3n? Es imprescindible revisar y repensar nuestra pr\u00e1ctica educativa y nuestro modelo escolar, marcado por una visi\u00f3n androc\u00e9ntrica e [&hellip;]<\/p>\n","protected":false},"author":1,"featured_media":59,"parent":0,"menu_order":0,"comment_status":"closed","ping_status":"closed","template":"template-hezkidetza.php","meta":{"_acf_changed":false,"footnotes":""},"class_list":["post-705","page","type-page","status-publish","has-post-thumbnail","hentry"],"acf":[],"_links":{"self":[{"href":"https:\/\/autodiagnosticocoeducacion.edukalboan.org\/es\/wp-json\/wp\/v2\/pages\/705","targetHints":{"allow":["GET"]}}],"collection":[{"href":"https:\/\/autodiagnosticocoeducacion.edukalboan.org\/es\/wp-json\/wp\/v2\/pages"}],"about":[{"href":"https:\/\/autodiagnosticocoeducacion.edukalboan.org\/es\/wp-json\/wp\/v2\/types\/page"}],"author":[{"embeddable":true,"href":"https:\/\/autodiagnosticocoeducacion.edukalboan.org\/es\/wp-json\/wp\/v2\/users\/1"}],"replies":[{"embeddable":true,"href":"https:\/\/autodiagnosticocoeducacion.edukalboan.org\/es\/wp-json\/wp\/v2\/comments?post=705"}],"version-history":[{"count":2,"href":"https:\/\/autodiagnosticocoeducacion.edukalboan.org\/es\/wp-json\/wp\/v2\/pages\/705\/revisions"}],"predecessor-version":[{"id":707,"href":"https:\/\/autodiagnosticocoeducacion.edukalboan.org\/es\/wp-json\/wp\/v2\/pages\/705\/revisions\/707"}],"wp:featuredmedia":[{"embeddable":true,"href":"https:\/\/autodiagnosticocoeducacion.edukalboan.org\/es\/wp-json\/wp\/v2\/media\/59"}],"wp:attachment":[{"href":"https:\/\/autodiagnosticocoeducacion.edukalboan.org\/es\/wp-json\/wp\/v2\/media?parent=705"}],"curies":[{"name":"wp","href":"https:\/\/api.w.org\/{rel}","templated":true}]}}